{"id":708,"date":"2024-03-26T20:19:13","date_gmt":"2024-03-26T20:19:13","guid":{"rendered":"https:\/\/chihuahua420.com\/?page_id=708"},"modified":"2024-03-26T20:19:13","modified_gmt":"2024-03-26T20:19:13","slug":"metatags3","status":"publish","type":"page","link":"https:\/\/chihuahua420.com\/?page_id=708","title":{"rendered":"metatags3"},"content":{"rendered":"<p>turismo chihuahua<br \/>\nsecretaria de turismo chihuahua<br \/>\nsecretar\u00eda de turismo chihuahua telefono<br \/>\nsecretaria de turismo chihuahua ubicacion<br \/>\nturismo chihuahua capital<br \/>\nsecretario de turismo chihuahua 2023<br \/>\nlicenciatura en turismo chihuahua<br \/>\nregistro nacional de turismo chihuahua<br \/>\ndirector de turismo chihuahua<br \/>\nturismo chihuahua estado<br \/>\nturismo a chihuahua<br \/>\nchihuahua turismo de aventura<br \/>\naldama chihuahua turismo<br \/>\nturismo de aventura en chihuahua<br \/>\nautobuses de turismo en chihuahua<br \/>\nactividades de turismo en chihuahua<br \/>\nturismo alternativo en chihuahua<br \/>\nactividades de turismo de aventura en chihuahua<br \/>\nactividades de turismo alternativo en chihuahua<br \/>\nbolsa de trabajo turismo chihuahua<br \/>\nsan francisco de borja chihuahua turismo<br \/>\nballeza chihuahua turismo<br \/>\nbocoyna chihuahua turismo<br \/>\nbarrancas chihuahua turismo<br \/>\nturismo chihuahua chepe<br \/>\nturismo cuauhtemoc chihuahua<br \/>\nturismo creel chihuahua<br \/>\nturismo camargo chihuahua<br \/>\nturismo nina chihuahua chih<br \/>\nchihuahua turismo tren chepe<br \/>\nturismo chihuahua chihuahua<br \/>\nchihuahua centro turismo<br \/>\ncreel chihuahua turismo<br \/>\ncasas grandes chihuahua turismo<br \/>\nciudad delicias chihuahua turismo<br \/>\ncamargo chihuahua turismo<br \/>\nchihuahua chihuahua turismo<br \/>\nciudad jimenez chihuahua turismo<br \/>\ncarrera de turismo en chihuahua<br \/>\nturismo de chihuahua<br \/>\nturismo delicias chihuahua<br \/>\nturismo estado de chihuahua<br \/>\nturismo ciudad de chihuahua<br \/>\nturismo gobierno de chihuahua<br \/>\nsecretaria de turismo de chihuahua<br \/>\nsecretario de turismo de chihuahua 2022<br \/>\nguia de turismo de chihuahua<br \/>\ntipos de turismo de chihuahua<br \/>\ndelicias chihuahua turismo<br \/>\nmina de naica chihuahua turismo<br \/>\nsan francisco del oro chihuahua turismo<br \/>\nciudad de chihuahua turismo<br \/>\nturismo en el estado de chihuahua<br \/>\nturismo en chihuahua<br \/>\nturismo en chihuahua capital<br \/>\nturismo en chihuahua mexico<br \/>\nturismo espectacular chihuahua<br \/>\nturismo rural en chihuahua<br \/>\nturismo escolar en chihuahua<br \/>\ntipos de turismo en chihuahua<br \/>\nsanta eulalia chihuahua turismo<br \/>\nley de turismo del estado de chihuahua<br \/>\nchihuahua estado turismo<br \/>\nturismo en parral chihuahua<br \/>\nsecretaria de turismo del estado de chihuahua<br \/>\nlugares de turismo en chihuahua<br \/>\nfideicomiso turismo chihuahua<br \/>\nturismo guerrero chihuahua<br \/>\nturismo casas grandes chihuahua<br \/>\nguachochi chihuahua turismo<br \/>\nhorarios de gran turismo (pel\u00edcula) cerca de chihuahua (chihuahua)<br \/>\nsecretaria de turismo gobierno del estado de chihuahua<br \/>\nhorarios de gran turismo (pel\u00edcula) cerca de cinepolis chihuahua<br \/>\nhorarios de gran turismo (pel\u00edcula) cerca de cin\u00e9polis jim\u00e9nez chihuahua<br \/>\nguerrero chihuahua turismo<br \/>\nchihuahua turismo que hacer<br \/>\nhoteles gran turismo chihuahua<br \/>\ncarrera de hoteleria y turismo en chihuahua<br \/>\nturismo de impacto chihuahua<br \/>\nsanta isabel chihuahua turismo<br \/>\ninstituto superior de turismo de chihuahua<br \/>\nturismo jimenez chihuahua<br \/>\nturismo en juarez chihuahua<br \/>\nturismo de janos chihuahua<br \/>\nciudad juarez chihuahua turismo<br \/>\njim\u00e9nez chihuahua turismo<br \/>\njanos chihuahua turismo<br \/>\nturismo chihuahua ciudad<br \/>\nturismo lozoya chihuahua<br \/>\nturismo de la ciudad de chihuahua<br \/>\nel turismo de chihuahua<br \/>\nturismo chihuahua mexico<br \/>\nturismo en madera chihuahua<br \/>\nchihuahua mexico turismo<br \/>\nmadera chihuahua turismo<br \/>\nciudad madera chihuahua turismo<br \/>\nchihuahua nieve turismo<br \/>\nnaica chihuahua turismo<br \/>\nnamiquipa chihuahua turismo<br \/>\nnonoava chihuahua turismo<br \/>\ncamara nacional de comercio servicios y turismo de chihuahua<br \/>\nturismo en nuevo casas grandes chihuahua<br \/>\nturismo de naturaleza en chihuahua<br \/>\nturismo de negocios en chihuahua<br \/>\nturismo ojinaga chihuahua<br \/>\noficina de turismo chihuahua<br \/>\nturismo parral chihuahua<br \/>\nsecretaria de turismo parral chihuahua<br \/>\nparral chihuahua turismo<br \/>\nque es el turismo de chihuahua<br \/>\nrosales chihuahua turismo<br \/>\nempresas de turismo rural en chihuahua<br \/>\nsecretaria turismo chihuahua<br \/>\nturismo transporte chihuahua<br \/>\ntransportes de turismo chihuahua<br \/>\nturismo chihuahua torreon<br \/>\nurique chihuahua turismo<br \/>\nuniversidades con turismo en chihuahua<br \/>\nx turismo<br \/>\nxturismo limited edition<br \/>\nturismo chihuahuense cd ju\u00e1rez chih<br \/>\nzona turistica chihuahua<br \/>\nturismos chihuahuenses<br \/>\n3 lugares turisticos de chihuahua<br \/>\n5 lugares turisticos de chihuahua<br \/>\n5 comidas tipicas de chihuahua<br \/>\ncamioncito turistico chihuahua<br \/>\nchihuahua travel<br \/>\ncamion turistico chihuahua<br \/>\nturismo chihuahuense<br \/>\npaseo turibus chihuahua<\/p>\n","protected":false},"excerpt":{"rendered":"<p>turismo chihuahua secretaria de turismo chihuahua secretar\u00eda de turismo chihuahua telefono secretaria de turismo chihuahua ubicacion turismo chihuahua capital secretario de turismo chihuahua 2023 licenciatura en turismo chihuahua registro nacional de turismo chihuahua director de turismo chihuahua turismo chihuahua estado <a class=\"more-link\" href=\"https:\/\/chihuahua420.com\/?page_id=708\">Seguir leyendo <span class=\"screen-reader-text\">  metatags3<\/span><span class=\"meta-nav\">&rarr;<\/span><\/a><\/p>\n","protected":false},"author":1,"featured_media":0,"parent":0,"menu_order":0,"comment_status":"closed","ping_status":"closed","template":"","meta":{"footnotes":""},"class_list":["post-708","page","type-page","status-publish","hentry"],"yoast_head":"<!-- This site is optimized with the Yoast SEO plugin v27.5 - https:\/\/yoast.com\/product\/yoast-seo-wordpress\/ -->\n<title>metatags3 - chihuahua420 Eva \ud83d\udfe2NUEV Venta de Marihuana en mano ENVIOS A TODA LA REPUBLICA, THC REAL &amp; CBD Terapeutica - Monterrey Cannabis Shop - 420 Entrega en Casa y Envios Nacionales - Whatsapp: 00528135669557 \u2013 Eva Whatsapp Secundario : 00528132769756 Mike<\/title>\n<meta name=\"robots\" content=\"index, follow, max-snippet:-1, max-image-preview:large, max-video-preview:-1\" \/>\n<link rel=\"canonical\" href=\"https:\/\/chihuahua420.com\/?page_id=708\" \/>\n<meta property=\"og:locale\" content=\"es_ES\" \/>\n<meta property=\"og:type\" content=\"article\" \/>\n<meta property=\"og:title\" content=\"metatags3 - chihuahua420 Eva \ud83d\udfe2NUEV Venta de Marihuana en mano ENVIOS A TODA LA REPUBLICA, THC REAL &amp; CBD Terapeutica - Monterrey Cannabis Shop - 420 Entrega en Casa y Envios Nacionales - Whatsapp: 00528135669557 \u2013 Eva Whatsapp Secundario : 00528132769756 Mike\" \/>\n<meta property=\"og:description\" content=\"turismo chihuahua secretaria de turismo chihuahua secretar\u00eda de turismo chihuahua telefono secretaria de turismo chihuahua ubicacion turismo chihuahua capital secretario de turismo chihuahua 2023 licenciatura en turismo chihuahua registro nacional de turismo chihuahua director de turismo chihuahua turismo chihuahua estado Seguir leyendo  metatags3&rarr;\" \/>\n<meta property=\"og:url\" content=\"https:\/\/chihuahua420.com\/?page_id=708\" \/>\n<meta property=\"og:site_name\" content=\"chihuahua420 Eva \ud83d\udfe2NUEV Venta de Marihuana en mano ENVIOS A TODA LA REPUBLICA, THC REAL &amp; CBD Terapeutica - Monterrey Cannabis Shop - 420 Entrega en Casa y Envios Nacionales - Whatsapp: 00528135669557 \u2013 Eva Whatsapp Secundario : 00528132769756 Mike\" \/>\n<meta name=\"twitter:card\" content=\"summary_large_image\" \/>\n<script type=\"application\/ld+json\" class=\"yoast-schema-graph\">{\"@context\":\"https:\\\/\\\/schema.org\",\"@graph\":[{\"@type\":\"WebPage\",\"@id\":\"https:\\\/\\\/chihuahua420.com\\\/?page_id=708\",\"url\":\"https:\\\/\\\/chihuahua420.com\\\/?page_id=708\",\"name\":\"metatags3 - chihuahua420 Eva \ud83d\udfe2NUEV Venta de Marihuana en mano ENVIOS A TODA LA REPUBLICA, THC REAL &amp; CBD Terapeutica - Monterrey Cannabis Shop - 420 Entrega en Casa y Envios Nacionales - Whatsapp: 00528135669557 \u2013 Eva Whatsapp Secundario : 00528132769756 Mike\",\"isPartOf\":{\"@id\":\"https:\\\/\\\/chihuahua420.com\\\/#website\"},\"datePublished\":\"2024-03-26T20:19:13+00:00\",\"breadcrumb\":{\"@id\":\"https:\\\/\\\/chihuahua420.com\\\/?page_id=708#breadcrumb\"},\"inLanguage\":\"es\",\"potentialAction\":[{\"@type\":\"ReadAction\",\"target\":[\"https:\\\/\\\/chihuahua420.com\\\/?page_id=708\"]}]},{\"@type\":\"BreadcrumbList\",\"@id\":\"https:\\\/\\\/chihuahua420.com\\\/?page_id=708#breadcrumb\",\"itemListElement\":[{\"@type\":\"ListItem\",\"position\":1,\"name\":\"Portada\",\"item\":\"https:\\\/\\\/chihuahua420.com\\\/\"},{\"@type\":\"ListItem\",\"position\":2,\"name\":\"metatags3\"}]},{\"@type\":\"WebSite\",\"@id\":\"https:\\\/\\\/chihuahua420.com\\\/#website\",\"url\":\"https:\\\/\\\/chihuahua420.com\\\/\",\"name\":\"chihuahua420 Eva \ud83d\udfe2NUEV Venta de Marihuana en mano ENVIOS A TODA LA REPUBLICA, THC REAL &amp; CBD Terapeutica - Monterrey Cannabis Shop - 420 Entrega en Casa y Envios Nacionales - Whatsapp: 00528135669557 \u2013 Eva Whatsapp Secundario : 00528132769756 Mike\",\"description\":\"Venta de marihuana en Chihuahua - Chihuahua420.com - Envios a domicilio seguros, comprar cannabis Chihuahua, tienda de cannabis Chihuahua, productos de cannabis Chihuahua, entrega r\u00e1pida cannabis Chihuahua, env\u00edo de cannabis Chihuahua, cannabis legal Chihuahua, marihuana en Chihuahua, dispensario de cannabis Chihuahua, cannabis online Chihuahua, productos de marihuana Chihuahua, compras de cannabis en l\u00ednea, cannabis medicinal Chihuahua, venta de cannabis en Chihuahua, comestibles de cannabis Chihuahua, aceites de cannabis Chihuahua, concentrados de cannabis Chihuahua, flores de cannabis Chihuahua, productos de CBD Chihuahua, productos de THC Chihuahua, cannabis en Chihuahua 2024, mejores precios cannabis Chihuahua, tienda de marihuana en Chihuahua, cannabis premium Chihuahua, compras de marihuana online, entrega de marihuana Chihuahua, cannabis r\u00e1pido Chihuahua,buy cannabis Chihuahua, cannabis store Chihuahua, cannabis products Chihuahua, fast cannabis delivery Chihuahua, cannabis shipping Chihuahua, legal cannabis Chihuahua, marijuana in Chihuahua, cannabis dispensary Chihuahua, online cannabis Chihuahua, marijuana products Chihuahua, online cannabis purchases, medicinal cannabis Chihuahua, cannabis sales in Chihuahua, cannabis edibles Chihuahua, cannabis oils Chihuahua, cannabis concentrates Chihuahua, cannabis flowers Chihuahua, CBD products Chihuahua, THC products Chihuahua, cannabis in Chihuahua 2024, best cannabis prices Chihuahua, marijuana store Chihuahua, premium cannabis Chihuahua, online marijuana purchases, marijuana delivery Chihuahua, fast cannabis Chihuahua, online marijuana sales Chihuahua, cannabis in Mexico, medicinal marijuana Chihuahua, marijuana dispensary Chihuahua, quick and discreet cannabis Chihuahua, premium cannabis products, buy marijuana online, cannabis for patients in Chihuahua, online marijuana store, cannabis products Chihuahua, cannabis offers Chihuahua, safe cannabis Chihuahua, express marijuana Chihuahua, online cannabis products, express cannabis delivery Chihuahua, cannabis for enjoyment in Chihuahua, secure cannabis store Chihuahua, fast and discreet marijuana, affordable cannabis Chihuahua, cannabis and CBD Chihuahua, cannabis store with fast shipping, quality cannabis in Chihuahua, fast marijuana delivery, cannabis products purchase Chihuahua, marijuana product delivery Chihuahua, high-quality cannabis Chihuahua, online cannabis store Chihuahua, accessible and fast cannabis Chihuahua, online cannabis sales Chihuahua, reliable cannabis products, online medicinal marijuana, express marijuana shipping, cannabis in Chihuahua today, online marijuana store, doorstep cannabis delivery Chihuahua, THC products Chihuahua, legal marijuana online, cannabis with home delivery Chihuahua, cannabis store with express delivery ,venta de marihuana en l\u00ednea Chihuahua, cannabis en M\u00e9xico, marihuana medicinal Chihuahua, dispensario de marihuana Chihuahua, cannabis r\u00e1pido y discreto Chihuahua, productos de cannabis premium, comprar marihuana en l\u00ednea, cannabis para pacientes en Chihuahua, tienda de marihuana online, productos cann\u00e1bicos Chihuahua, oferta de cannabis Chihuahua, cannabis seguro Chihuahua, marihuana express Chihuahua, productos de cannabis en l\u00ednea, entrega express cannabis Chihuahua, cannabis para disfrutar en Chihuahua, tienda de cannabis segura Chihuahua, marihuana r\u00e1pida y discreta, cannabis accesible Chihuahua, cannabis y CBD Chihuahua, tienda de cannabis con env\u00edos r\u00e1pidos, cannabis de calidad en Chihuahua, marihuana con entrega r\u00e1pida, compra de productos cann\u00e1bicos Chihuahua, entrega de productos de marihuana Chihuahua, cannabis de alta calidad Chihuahua, tienda de cannabis en l\u00ednea Chihuahua, cannabis accesible y r\u00e1pido Chihuahua, venta online de cannabis Chihuahua, productos cann\u00e1bicos de confianza, cannabis medicinal en l\u00ednea, marihuana con env\u00edos express, cannabis en Chihuahua hoy, tienda online de marihuana, entrega de cannabis en la puerta Chihuahua, productos de THC en Chihuahua, marihuana legal en l\u00ednea, cannabis con env\u00edo a domicilio Chihuahua, tienda de cannabis con entrega express, \",\"publisher\":{\"@id\":\"https:\\\/\\\/chihuahua420.com\\\/#organization\"},\"potentialAction\":[{\"@type\":\"SearchAction\",\"target\":{\"@type\":\"EntryPoint\",\"urlTemplate\":\"https:\\\/\\\/chihuahua420.com\\\/?s={search_term_string}\"},\"query-input\":{\"@type\":\"PropertyValueSpecification\",\"valueRequired\":true,\"valueName\":\"search_term_string\"}}],\"inLanguage\":\"es\"},{\"@type\":\"Organization\",\"@id\":\"https:\\\/\\\/chihuahua420.com\\\/#organization\",\"name\":\"chihuahua420 Eva \ud83d\udfe2NUEV Venta de Marihuana en mano ENVIOS A TODA LA REPUBLICA, THC REAL &amp; CBD Terapeutica - Monterrey Cannabis Shop - 420 Entrega en Casa y Envios Nacionales - Whatsapp: 00528135669557 \u2013 Eva Whatsapp Secundario : 00528132769756 Mike\",\"url\":\"https:\\\/\\\/chihuahua420.com\\\/\",\"logo\":{\"@type\":\"ImageObject\",\"inLanguage\":\"es\",\"@id\":\"https:\\\/\\\/chihuahua420.com\\\/#\\\/schema\\\/logo\\\/image\\\/\",\"url\":\"https:\\\/\\\/chihuahua420.com\\\/wp-content\\\/uploads\\\/2021\\\/12\\\/cropped-cropped-cropped-jalisco-420-4.png\",\"contentUrl\":\"https:\\\/\\\/chihuahua420.com\\\/wp-content\\\/uploads\\\/2021\\\/12\\\/cropped-cropped-cropped-jalisco-420-4.png\",\"width\":512,\"height\":512,\"caption\":\"chihuahua420 Eva \ud83d\udfe2NUEV Venta de Marihuana en mano ENVIOS A TODA LA REPUBLICA, THC REAL &amp; CBD Terapeutica - Monterrey Cannabis Shop - 420 Entrega en Casa y Envios Nacionales - Whatsapp: 00528135669557 \u2013 Eva Whatsapp Secundario : 00528132769756 Mike\"},\"image\":{\"@id\":\"https:\\\/\\\/chihuahua420.com\\\/#\\\/schema\\\/logo\\\/image\\\/\"}}]}<\/script>\n<!-- \/ Yoast SEO plugin. -->","yoast_head_json":{"title":"metatags3 - chihuahua420 Eva \ud83d\udfe2NUEV Venta de Marihuana en mano ENVIOS A TODA LA REPUBLICA, THC REAL &amp; CBD Terapeutica - Monterrey Cannabis Shop - 420 Entrega en Casa y Envios Nacionales - Whatsapp: 00528135669557 \u2013 Eva Whatsapp Secundario : 00528132769756 Mike","robots":{"index":"index","follow":"follow","max-snippet":"max-snippet:-1","max-image-preview":"max-image-preview:large","max-video-preview":"max-video-preview:-1"},"canonical":"https:\/\/chihuahua420.com\/?page_id=708","og_locale":"es_ES","og_type":"article","og_title":"metatags3 - chihuahua420 Eva \ud83d\udfe2NUEV Venta de Marihuana en mano ENVIOS A TODA LA REPUBLICA, THC REAL &amp; CBD Terapeutica - Monterrey Cannabis Shop - 420 Entrega en Casa y Envios Nacionales - Whatsapp: 00528135669557 \u2013 Eva Whatsapp Secundario : 00528132769756 Mike","og_description":"turismo chihuahua secretaria de turismo chihuahua secretar\u00eda de turismo chihuahua telefono secretaria de turismo chihuahua ubicacion turismo chihuahua capital secretario de turismo chihuahua 2023 licenciatura en turismo chihuahua registro nacional de turismo chihuahua director de turismo chihuahua turismo chihuahua estado Seguir leyendo  metatags3&rarr;","og_url":"https:\/\/chihuahua420.com\/?page_id=708","og_site_name":"chihuahua420 Eva \ud83d\udfe2NUEV Venta de Marihuana en mano ENVIOS A TODA LA REPUBLICA, THC REAL &amp; CBD Terapeutica - Monterrey Cannabis Shop - 420 Entrega en Casa y Envios Nacionales - Whatsapp: 00528135669557 \u2013 Eva Whatsapp Secundario : 00528132769756 Mike","twitter_card":"summary_large_image","schema":{"@context":"https:\/\/schema.org","@graph":[{"@type":"WebPage","@id":"https:\/\/chihuahua420.com\/?page_id=708","url":"https:\/\/chihuahua420.com\/?page_id=708","name":"metatags3 - chihuahua420 Eva \ud83d\udfe2NUEV Venta de Marihuana en mano ENVIOS A TODA LA REPUBLICA, THC REAL &amp; CBD Terapeutica - Monterrey Cannabis Shop - 420 Entrega en Casa y Envios Nacionales - Whatsapp: 00528135669557 \u2013 Eva Whatsapp Secundario : 00528132769756 Mike","isPartOf":{"@id":"https:\/\/chihuahua420.com\/#website"},"datePublished":"2024-03-26T20:19:13+00:00","breadcrumb":{"@id":"https:\/\/chihuahua420.com\/?page_id=708#breadcrumb"},"inLanguage":"es","potentialAction":[{"@type":"ReadAction","target":["https:\/\/chihuahua420.com\/?page_id=708"]}]},{"@type":"BreadcrumbList","@id":"https:\/\/chihuahua420.com\/?page_id=708#breadcrumb","itemListElement":[{"@type":"ListItem","position":1,"name":"Portada","item":"https:\/\/chihuahua420.com\/"},{"@type":"ListItem","position":2,"name":"metatags3"}]},{"@type":"WebSite","@id":"https:\/\/chihuahua420.com\/#website","url":"https:\/\/chihuahua420.com\/","name":"chihuahua420 Eva \ud83d\udfe2NUEV Venta de Marihuana en mano ENVIOS A TODA LA REPUBLICA, THC REAL &amp; CBD Terapeutica - Monterrey Cannabis Shop - 420 Entrega en Casa y Envios Nacionales - Whatsapp: 00528135669557 \u2013 Eva Whatsapp Secundario : 00528132769756 Mike","description":"Venta de marihuana en Chihuahua - Chihuahua420.com - Envios a domicilio seguros, comprar cannabis Chihuahua, tienda de cannabis Chihuahua, productos de cannabis Chihuahua, entrega r\u00e1pida cannabis Chihuahua, env\u00edo de cannabis Chihuahua, cannabis legal Chihuahua, marihuana en Chihuahua, dispensario de cannabis Chihuahua, cannabis online Chihuahua, productos de marihuana Chihuahua, compras de cannabis en l\u00ednea, cannabis medicinal Chihuahua, venta de cannabis en Chihuahua, comestibles de cannabis Chihuahua, aceites de cannabis Chihuahua, concentrados de cannabis Chihuahua, flores de cannabis Chihuahua, productos de CBD Chihuahua, productos de THC Chihuahua, cannabis en Chihuahua 2024, mejores precios cannabis Chihuahua, tienda de marihuana en Chihuahua, cannabis premium Chihuahua, compras de marihuana online, entrega de marihuana Chihuahua, cannabis r\u00e1pido Chihuahua,buy cannabis Chihuahua, cannabis store Chihuahua, cannabis products Chihuahua, fast cannabis delivery Chihuahua, cannabis shipping Chihuahua, legal cannabis Chihuahua, marijuana in Chihuahua, cannabis dispensary Chihuahua, online cannabis Chihuahua, marijuana products Chihuahua, online cannabis purchases, medicinal cannabis Chihuahua, cannabis sales in Chihuahua, cannabis edibles Chihuahua, cannabis oils Chihuahua, cannabis concentrates Chihuahua, cannabis flowers Chihuahua, CBD products Chihuahua, THC products Chihuahua, cannabis in Chihuahua 2024, best cannabis prices Chihuahua, marijuana store Chihuahua, premium cannabis Chihuahua, online marijuana purchases, marijuana delivery Chihuahua, fast cannabis Chihuahua, online marijuana sales Chihuahua, cannabis in Mexico, medicinal marijuana Chihuahua, marijuana dispensary Chihuahua, quick and discreet cannabis Chihuahua, premium cannabis products, buy marijuana online, cannabis for patients in Chihuahua, online marijuana store, cannabis products Chihuahua, cannabis offers Chihuahua, safe cannabis Chihuahua, express marijuana Chihuahua, online cannabis products, express cannabis delivery Chihuahua, cannabis for enjoyment in Chihuahua, secure cannabis store Chihuahua, fast and discreet marijuana, affordable cannabis Chihuahua, cannabis and CBD Chihuahua, cannabis store with fast shipping, quality cannabis in Chihuahua, fast marijuana delivery, cannabis products purchase Chihuahua, marijuana product delivery Chihuahua, high-quality cannabis Chihuahua, online cannabis store Chihuahua, accessible and fast cannabis Chihuahua, online cannabis sales Chihuahua, reliable cannabis products, online medicinal marijuana, express marijuana shipping, cannabis in Chihuahua today, online marijuana store, doorstep cannabis delivery Chihuahua, THC products Chihuahua, legal marijuana online, cannabis with home delivery Chihuahua, cannabis store with express delivery ,venta de marihuana en l\u00ednea Chihuahua, cannabis en M\u00e9xico, marihuana medicinal Chihuahua, dispensario de marihuana Chihuahua, cannabis r\u00e1pido y discreto Chihuahua, productos de cannabis premium, comprar marihuana en l\u00ednea, cannabis para pacientes en Chihuahua, tienda de marihuana online, productos cann\u00e1bicos Chihuahua, oferta de cannabis Chihuahua, cannabis seguro Chihuahua, marihuana express Chihuahua, productos de cannabis en l\u00ednea, entrega express cannabis Chihuahua, cannabis para disfrutar en Chihuahua, tienda de cannabis segura Chihuahua, marihuana r\u00e1pida y discreta, cannabis accesible Chihuahua, cannabis y CBD Chihuahua, tienda de cannabis con env\u00edos r\u00e1pidos, cannabis de calidad en Chihuahua, marihuana con entrega r\u00e1pida, compra de productos cann\u00e1bicos Chihuahua, entrega de productos de marihuana Chihuahua, cannabis de alta calidad Chihuahua, tienda de cannabis en l\u00ednea Chihuahua, cannabis accesible y r\u00e1pido Chihuahua, venta online de cannabis Chihuahua, productos cann\u00e1bicos de confianza, cannabis medicinal en l\u00ednea, marihuana con env\u00edos express, cannabis en Chihuahua hoy, tienda online de marihuana, entrega de cannabis en la puerta Chihuahua, productos de THC en Chihuahua, marihuana legal en l\u00ednea, cannabis con env\u00edo a domicilio Chihuahua, tienda de cannabis con entrega express, ","publisher":{"@id":"https:\/\/chihuahua420.com\/#organization"},"potentialAction":[{"@type":"SearchAction","target":{"@type":"EntryPoint","urlTemplate":"https:\/\/chihuahua420.com\/?s={search_term_string}"},"query-input":{"@type":"PropertyValueSpecification","valueRequired":true,"valueName":"search_term_string"}}],"inLanguage":"es"},{"@type":"Organization","@id":"https:\/\/chihuahua420.com\/#organization","name":"chihuahua420 Eva \ud83d\udfe2NUEV Venta de Marihuana en mano ENVIOS A TODA LA REPUBLICA, THC REAL &amp; CBD Terapeutica - Monterrey Cannabis Shop - 420 Entrega en Casa y Envios Nacionales - Whatsapp: 00528135669557 \u2013 Eva Whatsapp Secundario : 00528132769756 Mike","url":"https:\/\/chihuahua420.com\/","logo":{"@type":"ImageObject","inLanguage":"es","@id":"https:\/\/chihuahua420.com\/#\/schema\/logo\/image\/","url":"https:\/\/chihuahua420.com\/wp-content\/uploads\/2021\/12\/cropped-cropped-cropped-jalisco-420-4.png","contentUrl":"https:\/\/chihuahua420.com\/wp-content\/uploads\/2021\/12\/cropped-cropped-cropped-jalisco-420-4.png","width":512,"height":512,"caption":"chihuahua420 Eva \ud83d\udfe2NUEV Venta de Marihuana en mano ENVIOS A TODA LA REPUBLICA, THC REAL &amp; CBD Terapeutica - Monterrey Cannabis Shop - 420 Entrega en Casa y Envios Nacionales - Whatsapp: 00528135669557 \u2013 Eva Whatsapp Secundario : 00528132769756 Mike"},"image":{"@id":"https:\/\/chihuahua420.com\/#\/schema\/logo\/image\/"}}]}},"_links":{"self":[{"href":"https:\/\/chihuahua420.com\/index.php?rest_route=\/wp\/v2\/pages\/708","targetHints":{"allow":["GET"]}}],"collection":[{"href":"https:\/\/chihuahua420.com\/index.php?rest_route=\/wp\/v2\/pages"}],"about":[{"href":"https:\/\/chihuahua420.com\/index.php?rest_route=\/wp\/v2\/types\/page"}],"author":[{"embeddable":true,"href":"https:\/\/chihuahua420.com\/index.php?rest_route=\/wp\/v2\/users\/1"}],"replies":[{"embeddable":true,"href":"https:\/\/chihuahua420.com\/index.php?rest_route=%2Fwp%2Fv2%2Fcomments&post=708"}],"version-history":[{"count":0,"href":"https:\/\/chihuahua420.com\/index.php?rest_route=\/wp\/v2\/pages\/708\/revisions"}],"wp:attachment":[{"href":"https:\/\/chihuahua420.com\/index.php?rest_route=%2Fwp%2Fv2%2Fmedia&parent=708"}],"curies":[{"name":"wp","href":"https:\/\/api.w.org\/{rel}","templated":true}]}}